{"id":518,"date":"2019-11-15T15:18:31","date_gmt":"2019-11-15T14:18:31","guid":{"rendered":"https:\/\/www.seibold-ingenieure.de\/?page_id=518"},"modified":"2021-04-27T14:05:31","modified_gmt":"2021-04-27T12:05:31","slug":"ueber-uns","status":"publish","type":"page","link":"https:\/\/www.seibold-ingenieure.de\/index.php\/unternehmen\/ueber-uns\/","title":{"rendered":"\u00dcber uns"},"content":{"rendered":"<div id=\"pl-518\"  class=\"panel-layout\" ><div id=\"pg-518-0\"  class=\"panel-grid panel-has-style\" ><div data-overlay-opactity=\"1\" class=\"panel-row-style panel-row-style-for-518-0\" ><div id=\"pgc-518-0-0\"  class=\"panel-grid-cell\" ><div id=\"panel-518-0-0-0\" class=\"so-panel widget widget_themegrill_flash_image tg-widget tg-image-widget panel-first-child panel-last-child\" data-index=\"0\" ><div class=\"panel-widget-style panel-widget-style-for-518-0-0-0\" ><div class=\"tg-image-block\">\r\n\t\t\t<img decoding=\"async\" src=\"https:\/\/www.seibold-ingenieure.de\/wp-content\/uploads\/ueber_uns.jpg\" alt=\"\" \/>\r\n\t\t<\/div>\r\n<\/div><\/div><\/div><div id=\"pgc-518-0-1\"  class=\"panel-grid-cell\" ><div id=\"panel-518-0-1-0\" class=\"so-panel widget widget_themegrill_flash_heading tg-widget section-title-wrapper panel-first-child\" data-index=\"1\" >\t<div class=\"heading heading-left divider-without-icon heading-divider\">\r\n\t<h3 class=\"section-title\">\u00dcber uns<\/h3>\r\n<\/div>\r\n<\/div><div id=\"panel-518-0-1-1\" class=\"so-panel widget widget_text panel-last-child\" data-index=\"2\" >\t\t\t<div class=\"textwidget\"><p>Im Januar 2019 gr\u00fcndete Herr Dipl. Ing. (FH) Hartmut Seibold die Seibold Ingenieure GmbH, als Fortf\u00fchrung der <a href=\"https:\/\/energiekonzepte.seibold-ingenieure.de\/\" target=\"_blank\" rel=\"noopener\">Seibold Energiekonzepte<\/a>, um in einem Unternehmen die Bereiche der technischen Geb\u00e4udeausr\u00fcstung und Konzepte zur Energieversorgung zu vereinen.<\/p>\n<p>Unser Anliegen ist dabei f\u00fcr unsere Kunden wirtschaftlich optimale Leistungen mit niedrigen Betriebskosten und effizientem Einsatz von Ressourcen zu entwickeln. Daher halten wir uns immer auf dem neuesten Stand der Technik und setzen auf neue Technologien, um die notwendigen Ressourcen effizient und nachhaltig einzusetzen, mit einem m\u00f6glichst gro\u00dfen Anteil an erneuerbarer Energien.<\/p>\n<p>Unser Handeln und unsere Planungen sind gepr\u00e4gt durch:<\/p>\n<ul>\n<li>Ihre Kundenanforderungen<\/li>\n<li>Wirtschaftlichkeit<\/li>\n<li>Hohe Qualit\u00e4tsanspr\u00fcche<\/li>\n<li>Effizienter Ressourceneinsatz<\/li>\n<li>Nachhaltigkeit<\/li>\n<\/ul>\n<\/div>\n\t\t<\/div><\/div><\/div><\/div><div id=\"pg-518-1\"  class=\"panel-grid panel-has-style\" ><div data-overlay-opactity=\"1\" class=\"panel-row-style panel-row-style-for-518-1\" ><div id=\"pgc-518-1-0\"  class=\"panel-grid-cell\" ><div id=\"panel-518-1-0-0\" class=\"so-panel widget widget_text panel-first-child\" data-index=\"3\" ><h3 class=\"widget-title\">Unsere Werte<\/h3>\t\t\t<div class=\"textwidget\"><p>Die Eckpfeiler unserer Unternehmensphilosophie sind:<\/p>\n<ul>\n<li>Zufriedene Kunden<\/li>\n<li>Steigerung des wirtschaftlichen Erfolgs unserer Kunden durch unsere Dienstleistung<\/li>\n<li>Beitrag zum Klimaschutz<\/li>\n<li>Nachhaltigkeit in allen Belangen<\/li>\n<li>Partnerschaftlicher und fairer Umgang<\/li>\n<\/ul>\n<\/div>\n\t\t<\/div><div id=\"panel-518-1-0-1\" class=\"so-panel widget widget_text panel-last-child\" data-index=\"4\" ><h3 class=\"widget-title\">Projekterfahrung<\/h3>\t\t\t<div class=\"textwidget\"><ul>\n<li>TGA Planung in \u00f6ffentlichen, kirchlichen, privatwirtschaflichen und Privatgeb\u00e4uden<\/li>\n<li>Schutz- und Stationsleitsysteme f\u00fcr Umspannwerke und Ortsnetzstationen f\u00fcr verschiedenste EVUs in S\u00fcddeutschland<\/li>\n<li>Elektrotechnische Ausr\u00fcstung von Biomasseanlagen<\/li>\n<li>Energieautomations- und Schutzsysteme f\u00fcr die Stromversorgung in der Automobilindustrie<\/li>\n<li>Energieautomations- und Schutzsysteme f\u00fcr die Stromversorgung in der\u00a0Chemischen Industrie<\/li>\n<li>Energieautomationssysteme inkl. Notstromsteuerung in der pharmazeutischen Industrie<\/li>\n<li>Umbau von stillgelegten Kraftwerken f\u00fcr den Phasenschieberbetrieb zur Blindleistungsregelung und damit Netzstabilisierung<\/li>\n<li>Netz- und Stationsleitsysteme f\u00fcr Mittelspannungsnetze f\u00fcr Flugh\u00e4fen und Messen<\/li>\n<li>Leitsysteme inklusiv Leistungs\u00fcberwachungssystem f\u00fcr Energieerzeugung- und verteilungsanlagen in der Papierindustrie<\/li>\n<li>Stromversorgungsanlagen f\u00fcr die Olympischen Spiele 2004 in Athen<\/li>\n<li>Stationsleitsysteme f\u00fcr Umspannwerke im Gro\u00dfraum Paris<\/li>\n<li>Stationsleit- und Schutzsystem f\u00fcr das franz\u00f6sische Transportnetz (400\/220\/90kV)<\/li>\n<li>Elektrotechnische Ausr\u00fcstung f\u00fcr Kohle- und\u00a0Gas- und Dampfkraftwerke bis zu 850MWe<\/li>\n<\/ul>\n<\/div>\n\t\t<\/div><\/div><\/div><\/div><div id=\"pg-518-2\"  class=\"panel-grid panel-has-style\" ><div data-overlay-opactity=\"1\" class=\"panel-row-style panel-row-style-for-518-2\" ><div id=\"pgc-518-2-0\"  class=\"panel-grid-cell panel-grid-cell-empty\" ><\/div><\/div><\/div><div id=\"pg-518-3\"  class=\"panel-grid panel-has-style\" ><div class=\"siteorigin-panels-stretch panel-row-style panel-row-style-for-518-3\" data-stretch-type=\"full\" data-overlay-opactity=\"1\" ><div id=\"pgc-518-3-0\"  class=\"panel-grid-cell\" ><div id=\"panel-518-3-0-0\" class=\"so-panel widget widget_themegrill_flash_cta tg-widget call-to-action-section panel-first-child panel-last-child\" data-index=\"5\" ><div class=\"panel-widget-style panel-widget-style-for-518-3-0-0\" ><div class=\"cta-wrapper  center\">\r\n\t<div class=\"section-title-wrapper\">\r\n\t\t\t\t\t<h3 class=\"section-title\">Interesse geweckt?<\/h3>\r\n\t\t\t\t<\/div>\r\n\t\t\t<div class=\"btn-wrapper\">\r\n\t\t\t\t\t\t\t<a class=\"btn\" href=\"https:\/\/www.seibold-ingenieure.de\/index.php\/kontakt\/\" >Kontakt aufnehmen<\/a>\r\n\t\t\t\t\t\t\t\t<\/div>\r\n\t<\/div>\r\n<\/div><\/div><\/div><\/div><\/div><\/div>","protected":false},"excerpt":{"rendered":"<p>Im Januar 2019 gr\u00fcndete Herr Dipl. Ing. (FH) Hartmut Seibold die Seibold Ingenieure GmbH, als Fortf\u00fchrung der Seibold Energiekonzepte, um [&hellip;]<\/p>\n","protected":false},"author":1,"featured_media":0,"parent":515,"menu_order":0,"comment_status":"closed","ping_status":"closed","template":"page-templates\/pagebuilder.php","meta":{"footnotes":""},"class_list":["post-518","page","type-page","status-publish","hentry"],"_links":{"self":[{"href":"https:\/\/www.seibold-ingenieure.de\/index.php\/wp-json\/wp\/v2\/pages\/518","targetHints":{"allow":["GET"]}}],"collection":[{"href":"https:\/\/www.seibold-ingenieure.de\/index.php\/wp-json\/wp\/v2\/pages"}],"about":[{"href":"https:\/\/www.seibold-ingenieure.de\/index.php\/wp-json\/wp\/v2\/types\/page"}],"author":[{"embeddable":true,"href":"https:\/\/www.seibold-ingenieure.de\/index.php\/wp-json\/wp\/v2\/users\/1"}],"replies":[{"embeddable":true,"href":"https:\/\/www.seibold-ingenieure.de\/index.php\/wp-json\/wp\/v2\/comments?post=518"}],"version-history":[{"count":29,"href":"https:\/\/www.seibold-ingenieure.de\/index.php\/wp-json\/wp\/v2\/pages\/518\/revisions"}],"predecessor-version":[{"id":1260,"href":"https:\/\/www.seibold-ingenieure.de\/index.php\/wp-json\/wp\/v2\/pages\/518\/revisions\/1260"}],"up":[{"embeddable":true,"href":"https:\/\/www.seibold-ingenieure.de\/index.php\/wp-json\/wp\/v2\/pages\/515"}],"wp:attachment":[{"href":"https:\/\/www.seibold-ingenieure.de\/index.php\/wp-json\/wp\/v2\/media?parent=518"}],"curies":[{"name":"wp","href":"https:\/\/api.w.org\/{rel}","templated":true}]}}