{"id":534,"date":"2019-11-15T15:20:56","date_gmt":"2019-11-15T14:20:56","guid":{"rendered":"https:\/\/www.seibold-ingenieure.de\/?page_id=534"},"modified":"2020-10-13T12:35:09","modified_gmt":"2020-10-13T10:35:09","slug":"energiekonzepte","status":"publish","type":"page","link":"https:\/\/www.seibold-ingenieure.de\/index.php\/leistungen\/energiekonzepte\/","title":{"rendered":"Energiekonzepte"},"content":{"rendered":"<div id=\"pl-534\"  class=\"panel-layout\" ><div id=\"pg-534-0\"  class=\"panel-grid panel-has-style\" ><div data-overlay-opactity=\"1\" class=\"panel-row-style panel-row-style-for-534-0\" ><div id=\"pgc-534-0-0\"  class=\"panel-grid-cell\" ><div id=\"panel-534-0-0-0\" class=\"so-panel widget widget_themegrill_flash_image tg-widget tg-image-widget panel-first-child panel-last-child\" data-index=\"0\" ><div class=\"panel-widget-style panel-widget-style-for-534-0-0-0\" ><div class=\"tg-image-block\">\r\n\t\t\t<img decoding=\"async\" src=\"https:\/\/www.seibold-ingenieure.de\/wp-content\/uploads\/energiekonzepte.jpg\" alt=\"energiekonzepte\" \/>\r\n\t\t<\/div>\r\n<\/div><\/div><\/div><div id=\"pgc-534-0-1\"  class=\"panel-grid-cell\" ><div id=\"panel-534-0-1-0\" class=\"so-panel widget widget_themegrill_flash_heading tg-widget section-title-wrapper panel-first-child\" data-index=\"1\" >\t<div class=\"heading heading-left divider-without-icon heading-divider\">\r\n\t<h3 class=\"section-title\">Energiekonzepte der Zukunft<\/h3>\r\n<\/div>\r\n<\/div><div id=\"panel-534-0-1-1\" class=\"so-panel widget widget_text panel-last-child\" data-index=\"2\" >\t\t\t<div class=\"textwidget\"><p>Deutschland geht in der Energieversorgung neue Wege. Die Entscheidung der Bundesregierung, die elektrische Energieversorgung bis 2022 v\u00f6llig ohne Kernkraftwerke sicherzustellen, erfordert ein Umdenken in der Energiepolitik und neue Konzepte zur Energieversorgung.<\/p>\n<p><strong>St\u00fctzen dieser Konzepte sind:<\/strong><\/p>\n<ul>\n<li>der Ausbau von erneuerbaren Energien<\/li>\n<li>intelligente Verteilnetze (Smart Grid)<\/li>\n<li>Entwicklung von Energiespeichern<\/li>\n<li>ein verantwortungsvoller Umgang mit Energie<\/li>\n<\/ul>\n<\/div>\n\t\t<\/div><\/div><\/div><\/div><div id=\"pg-534-1\"  class=\"panel-grid panel-has-style\" ><div data-overlay-opactity=\"1\" class=\"panel-row-style panel-row-style-for-534-1\" ><div id=\"pgc-534-1-0\"  class=\"panel-grid-cell\" ><div id=\"panel-534-1-0-0\" class=\"so-panel widget widget_text panel-first-child panel-last-child\" data-index=\"3\" >\t\t\t<div class=\"textwidget\"><p>Ein Ansatzpunkt f\u00fcr die L\u00f6sung dieser Herausforderungen sind die F\u00f6rderung von Konzepten zur dezentralen Energieerzeugung. Die Energie da zu erzeugen, wo sie ben\u00f6tigt wird, nah am Verbraucher, ohne gro\u00dfe \u00dcbertragungsverluste und Gro\u00dfinvestitionen f\u00fcr den Ausbau von Transportnetzen. Dies birgt in erster Linie f\u00fcr Kommunale Energieversorgungsunternehmen wie Stadt- und Gemeindewerke gro\u00dfe wirtschaftliche Chancen, bringt aber auch gewaltige technische Herausforderungen mit sich. F\u00fcr diese Herausforderungen bieten wir unsere Kompetenz und L\u00f6sungen an.<\/p>\n<p>Unsere Aufgabe sehen wird darin Kommunen und Landkreise, kommunale Energieversorger (z.B. Stadtwerke), aber auch auch Industriebetriebe und Privatinvestoren, bei Fragen zur Energiewende zu unterst\u00fctzen. Wir entwickeln gemeinsam mit Ihnen Konzepte unter der Ma\u00dfgabe von Wirtschaftlichkeit, Effizienz, Nachhaltigkeit und Investitionssicherheit. Profitieren Sie von \u00fcber 20 Jahren Erfahrung in Projekten rund um die elektrische Energieversorgung.<\/p>\n<\/div>\n\t\t<\/div><\/div><\/div><\/div><div id=\"pg-534-2\"  class=\"panel-grid panel-has-style\" ><div class=\"siteorigin-panels-stretch panel-row-style panel-row-style-for-534-2\" data-stretch-type=\"full\" data-overlay-opactity=\"1\" ><div id=\"pgc-534-2-0\"  class=\"panel-grid-cell\" ><div id=\"panel-534-2-0-0\" class=\"so-panel widget widget_themegrill_flash_cta tg-widget call-to-action-section panel-first-child panel-last-child\" data-index=\"4\" ><div class=\"panel-widget-style panel-widget-style-for-534-2-0-0\" ><div class=\"cta-wrapper  center\">\r\n\t<div class=\"section-title-wrapper\">\r\n\t\t\t\t\t<h3 class=\"section-title\">INTERESSE GEWECKT?<\/h3>\r\n\t\t\t\t<\/div>\r\n\t\t\t<div class=\"btn-wrapper\">\r\n\t\t\t\t\t\t\t<a class=\"btn\" href=\"https:\/\/www.seibold-ingenieure.de\/index.php\/kontakt\/\" >KONTAKT AUFNEHMEN<\/a>\r\n\t\t\t\t\t\t\t\t<\/div>\r\n\t<\/div>\r\n<\/div><\/div><\/div><\/div><\/div><\/div>","protected":false},"excerpt":{"rendered":"<p>Deutschland geht in der Energieversorgung neue Wege. Die Entscheidung der Bundesregierung, die elektrische Energieversorgung bis 2022 v\u00f6llig ohne Kernkraftwerke sicherzustellen, [&hellip;]<\/p>\n","protected":false},"author":1,"featured_media":0,"parent":573,"menu_order":0,"comment_status":"closed","ping_status":"closed","template":"page-templates\/pagebuilder.php","meta":{"footnotes":""},"class_list":["post-534","page","type-page","status-publish","hentry"],"_links":{"self":[{"href":"https:\/\/www.seibold-ingenieure.de\/index.php\/wp-json\/wp\/v2\/pages\/534","targetHints":{"allow":["GET"]}}],"collection":[{"href":"https:\/\/www.seibold-ingenieure.de\/index.php\/wp-json\/wp\/v2\/pages"}],"about":[{"href":"https:\/\/www.seibold-ingenieure.de\/index.php\/wp-json\/wp\/v2\/types\/page"}],"author":[{"embeddable":true,"href":"https:\/\/www.seibold-ingenieure.de\/index.php\/wp-json\/wp\/v2\/users\/1"}],"replies":[{"embeddable":true,"href":"https:\/\/www.seibold-ingenieure.de\/index.php\/wp-json\/wp\/v2\/comments?post=534"}],"version-history":[{"count":63,"href":"https:\/\/www.seibold-ingenieure.de\/index.php\/wp-json\/wp\/v2\/pages\/534\/revisions"}],"predecessor-version":[{"id":1160,"href":"https:\/\/www.seibold-ingenieure.de\/index.php\/wp-json\/wp\/v2\/pages\/534\/revisions\/1160"}],"up":[{"embeddable":true,"href":"https:\/\/www.seibold-ingenieure.de\/index.php\/wp-json\/wp\/v2\/pages\/573"}],"wp:attachment":[{"href":"https:\/\/www.seibold-ingenieure.de\/index.php\/wp-json\/wp\/v2\/media?parent=534"}],"curies":[{"name":"wp","href":"https:\/\/api.w.org\/{rel}","templated":true}]}}