{"id":540,"date":"2019-11-15T15:21:43","date_gmt":"2019-11-15T14:21:43","guid":{"rendered":"https:\/\/www.seibold-ingenieure.de\/?page_id=540"},"modified":"2020-10-28T13:28:18","modified_gmt":"2020-10-28T12:28:18","slug":"planung","status":"publish","type":"page","link":"https:\/\/www.seibold-ingenieure.de\/index.php\/leistungen\/planung\/","title":{"rendered":"Planung"},"content":{"rendered":"<div id=\"pl-540\"  class=\"panel-layout\" ><div id=\"pg-540-0\"  class=\"panel-grid panel-has-style\" ><div data-overlay-opactity=\"1\" class=\"panel-row-style panel-row-style-for-540-0\" ><div id=\"pgc-540-0-0\"  class=\"panel-grid-cell\" ><div id=\"panel-540-0-0-0\" class=\"so-panel widget widget_themegrill_flash_image tg-widget tg-image-widget panel-first-child panel-last-child\" data-index=\"0\" ><div class=\"panel-widget-style panel-widget-style-for-540-0-0-0\" ><div class=\"tg-image-block\">\r\n\t\t\t<img decoding=\"async\" src=\"https:\/\/www.seibold-ingenieure.de\/wp-content\/uploads\/planung.jpg\" alt=\"\" \/>\r\n\t\t<\/div>\r\n<\/div><\/div><\/div><div id=\"pgc-540-0-1\"  class=\"panel-grid-cell\" ><div id=\"panel-540-0-1-0\" class=\"so-panel widget widget_themegrill_flash_heading tg-widget section-title-wrapper panel-first-child\" data-index=\"1\" >\t<div class=\"heading heading-left divider-without-icon heading-divider\">\r\n\t<h3 class=\"section-title\">Planungsleistungen<\/h3>\r\n<\/div>\r\n<\/div><div id=\"panel-540-0-1-1\" class=\"so-panel widget widget_text panel-last-child\" data-index=\"2\" >\t\t\t<div class=\"textwidget\"><p>Wir bieten Ihnen kompetente Beratung und Planung f\u00fcr alle Leistungsphasen der HOAI auf dem neuesten Stand der Technologie und Qualit\u00e4tssicherung w\u00e4hrend der Ausf\u00fchrung f\u00fcr die komplette Technik Ihres Geb\u00e4udes an.<\/p>\n<ul>\n<li>Elektrotechnik<\/li>\n<li>Heizungstechnik<\/li>\n<li>L\u00fcftungs- und Klimatechnik<\/li>\n<li>Sanit\u00e4rtechnik<\/li>\n<li>Effiziente und nachhaltige Energietechnik<\/li>\n<li>Geb\u00e4udeautomation<\/li>\n<li>Lichttechnik<\/li>\n<li>Energieberatung<\/li>\n<\/ul>\n<p>Gerne unterst\u00fctzen wir Sie dabei, Ihre Ideen zur Umsetzungsreife zu bringen.<\/p>\n<\/div>\n\t\t<\/div><\/div><\/div><\/div><div id=\"pg-540-1\"  class=\"panel-grid panel-has-style\" ><div class=\"siteorigin-panels-stretch panel-row-style panel-row-style-for-540-1\" data-stretch-type=\"full\" data-overlay-opactity=\"1\" ><div id=\"pgc-540-1-0\"  class=\"panel-grid-cell\" ><div id=\"panel-540-1-0-0\" class=\"so-panel widget widget_themegrill_flash_cta tg-widget call-to-action-section panel-first-child panel-last-child\" data-index=\"3\" ><div class=\"cta-wrapper call-to-action-section-layout-1 center\">\r\n\t<div class=\"section-title-wrapper\">\r\n\t\t\t\t\t<h3 class=\"section-title\">INTERESSE GEWECKT?<\/h3>\r\n\t\t\t\t<\/div>\r\n\t\t\t<div class=\"btn-wrapper\">\r\n\t\t\t\t\t\t\t<a class=\"btn\" href=\"https:\/\/www.seibold-ingenieure.de\/index.php\/kontakt\/\" >KONTAKTAUFNEHMEN<\/a>\r\n\t\t\t\t\t\t\t\t<\/div>\r\n\t<\/div>\r\n<\/div><\/div><\/div><\/div><\/div>","protected":false},"excerpt":{"rendered":"<p>Wir bieten Ihnen kompetente Beratung und Planung f\u00fcr alle Leistungsphasen der HOAI auf dem neuesten Stand der Technologie und Qualit\u00e4tssicherung [&hellip;]<\/p>\n","protected":false},"author":1,"featured_media":0,"parent":573,"menu_order":0,"comment_status":"closed","ping_status":"closed","template":"page-templates\/pagebuilder.php","meta":{"footnotes":""},"class_list":["post-540","page","type-page","status-publish","hentry"],"_links":{"self":[{"href":"https:\/\/www.seibold-ingenieure.de\/index.php\/wp-json\/wp\/v2\/pages\/540","targetHints":{"allow":["GET"]}}],"collection":[{"href":"https:\/\/www.seibold-ingenieure.de\/index.php\/wp-json\/wp\/v2\/pages"}],"about":[{"href":"https:\/\/www.seibold-ingenieure.de\/index.php\/wp-json\/wp\/v2\/types\/page"}],"author":[{"embeddable":true,"href":"https:\/\/www.seibold-ingenieure.de\/index.php\/wp-json\/wp\/v2\/users\/1"}],"replies":[{"embeddable":true,"href":"https:\/\/www.seibold-ingenieure.de\/index.php\/wp-json\/wp\/v2\/comments?post=540"}],"version-history":[{"count":49,"href":"https:\/\/www.seibold-ingenieure.de\/index.php\/wp-json\/wp\/v2\/pages\/540\/revisions"}],"predecessor-version":[{"id":1222,"href":"https:\/\/www.seibold-ingenieure.de\/index.php\/wp-json\/wp\/v2\/pages\/540\/revisions\/1222"}],"up":[{"embeddable":true,"href":"https:\/\/www.seibold-ingenieure.de\/index.php\/wp-json\/wp\/v2\/pages\/573"}],"wp:attachment":[{"href":"https:\/\/www.seibold-ingenieure.de\/index.php\/wp-json\/wp\/v2\/media?parent=540"}],"curies":[{"name":"wp","href":"https:\/\/api.w.org\/{rel}","templated":true}]}}