{"id":543,"date":"2019-11-15T15:22:04","date_gmt":"2019-11-15T14:22:04","guid":{"rendered":"https:\/\/www.seibold-ingenieure.de\/?page_id=543"},"modified":"2020-01-16T15:29:03","modified_gmt":"2020-01-16T14:29:03","slug":"engineering","status":"publish","type":"page","link":"https:\/\/www.seibold-ingenieure.de\/index.php\/leistungen\/engineering\/","title":{"rendered":"Engineering"},"content":{"rendered":"<div id=\"pl-543\"  class=\"panel-layout\" ><div id=\"pg-543-0\"  class=\"panel-grid panel-has-style\" ><div data-overlay-opactity=\"1\" class=\"panel-row-style panel-row-style-for-543-0\" ><div id=\"pgc-543-0-0\"  class=\"panel-grid-cell\" ><div id=\"panel-543-0-0-0\" class=\"so-panel widget widget_themegrill_flash_image tg-widget tg-image-widget panel-first-child panel-last-child\" data-index=\"0\" ><div class=\"panel-widget-style panel-widget-style-for-543-0-0-0\" ><div class=\"tg-image-block\">\r\n\t\t\t<img decoding=\"async\" src=\"https:\/\/www.seibold-ingenieure.de\/wp-content\/uploads\/Projektmanagement_Engineering_500px.jpg\" alt=\"\" \/>\r\n\t\t<\/div>\r\n<\/div><\/div><\/div><div id=\"pgc-543-0-1\"  class=\"panel-grid-cell\" ><div id=\"panel-543-0-1-0\" class=\"so-panel widget widget_themegrill_flash_heading tg-widget section-title-wrapper panel-first-child\" data-index=\"1\" >\t<div class=\"heading heading-left divider-without-icon heading-divider\">\r\n\t<h3 class=\"section-title\">Netzstabilit\u00e4t<\/h3>\r\n<\/div>\r\n<\/div><div id=\"panel-543-0-1-1\" class=\"so-panel widget widget_text\" data-index=\"2\" >\t\t\t<div class=\"textwidget\"><p>Deutschland hat in Europa die sicherste und zuverl\u00e4ssigste Stromversorgung. Mit durchschnittlich 16 Min. Ausfall im Jahr m\u00fcssen die deutschen Stromkunden rechnen, dies entspricht einer Verf\u00fcgbarkeit von 99,99%. Aufgrund der Zunahme von dezentralen Energieerzeugungsanlagen, verschieben sich auch die Stabilit\u00e4tsfaktoren.<\/p>\n<p>Bisher waren die gro\u00dfen Kraftwerke und die Transportnetzbetreiber in erster Linie f\u00fcr die Netzstabilit\u00e4t verantwortlich. Durch die ver\u00e4nderten Rahmenbedingungen werden diese Aufgaben in Zukunft mehr und mehr auch in die Verteilnetze verlagert.<\/p>\n<p>Erforderlich hierzu sind Stabilisatoren, die auf auf der Verteilnetzebene in die Netztopologie einzubauen sind.<\/p>\n<p>Es geht dabei darum, innerhalb des Netzverbunds ein Gleichgewicht zwischen erzeugter und verbrauchter Energie herzustellen. Das was ins Netz eingespeist wird, muss auch verbraucht werden und umgekehrt. Dabei sind allerdings nicht nur die Wirkleistung, sondern auch Blindleistungsanteile zu ber\u00fccksichtigen.<\/p>\n<p>Um dieses Gleichgewicht und damit Stabilit\u00e4t in der elektrischen Energieversorgung weiterhin gew\u00e4hrleisten zu k\u00f6nnen, sind diverse Ert\u00fcchtigungen in den Verteilnetzen der lokalen Energieversorger vorzunehmen.<br \/>\nMa\u00dfnahmen hierzu, k\u00f6nnen z.B. sein:<\/p>\n<ul>\n<li>Verteiltransformatoren mit Spannungsregelung<\/li>\n<li>Intelligente und fein abgestimmte Erzeuger- und Verbrauchsregelung<\/li>\n<li>Steuerbare Wechselrichter, die im 4-Quadranten Betrieb arbeiten k\u00f6nnen<\/li>\n<li>Blindleistungsregelanlagen<\/li>\n<\/ul>\n<p>Sprechen Sie uns dazu an, wir analysieren gerne gemeinsam mit Ihnen die erforderlichen Ma\u00dfnahmen und unterst\u00fctzen Sie bei der Umsetzung.<\/p>\n<\/div>\n\t\t<\/div><div id=\"panel-543-0-1-2\" class=\"so-panel widget widget_themegrill_flash_cta tg-widget call-to-action-section panel-last-child\" data-index=\"3\" ><div class=\"panel-widget-style panel-widget-style-for-543-0-1-2\" ><div class=\"cta-wrapper  center\">\r\n\t<div class=\"section-title-wrapper\">\r\n\t\t\t\t\t<h3 class=\"section-title\">Interesse geweckt?<\/h3>\r\n\t\t\t\t<\/div>\r\n\t\t\t<div class=\"btn-wrapper\">\r\n\t\t\t\t\t\t\t<a class=\"btn\" href=\"https:\/\/www.seibold-ingenieure.de\/index.php\/kontakt\/\" target=&quot;_blank&quot;>Kontakt aufnehmen<\/a>\r\n\t\t\t\t\t\t\t\t\t\t<a class=\"btn\" href=\"https:\/\/www.seibold-ingenieure.de\/index.php\/referenzen\/\" target=&quot;_blank&quot;>zu den Referenzen<\/a>\r\n\t\t\t\t\t<\/div>\r\n\t<\/div>\r\n<\/div><\/div><\/div><\/div><\/div><div id=\"pg-543-1\"  class=\"panel-grid panel-has-style\" ><div data-overlay-opactity=\"1\" class=\"panel-row-style panel-row-style-for-543-1\" ><div id=\"pgc-543-1-0\"  class=\"panel-grid-cell panel-grid-cell-empty\" ><\/div><\/div><\/div><div id=\"pg-543-2\"  class=\"panel-grid panel-no-style\" ><div id=\"pgc-543-2-0\"  class=\"panel-grid-cell\" ><div id=\"panel-543-2-0-0\" class=\"so-panel widget widget_themegrill_flash_heading tg-widget section-title-wrapper panel-first-child panel-last-child\" data-index=\"4\" >\t<div class=\"heading heading-center divider-without-icon heading-divider\">\r\n\t<h3 class=\"section-title\">Engineering<\/h3>\r\n<\/div>\r\n<\/div><\/div><\/div><div id=\"pg-543-3\"  class=\"panel-grid panel-has-style\" ><div data-overlay-opactity=\"1\" class=\"panel-row-style panel-row-style-for-543-3\" ><div id=\"pgc-543-3-0\"  class=\"panel-grid-cell\" ><div id=\"panel-543-3-0-0\" class=\"so-panel widget widget_themegrill_flash_service tg-widget tg-single-service panel-first-child panel-last-child\" data-index=\"5\" ><div class=\"tg-service-widget tg-service-layout-1\">\r\n\t<div class=\"service-wrapper\">\r\n\t\t\t\t\t\t\t\t\t\t\t\t<figure class=\"service-image-wrap\">\r\n\t\t\t\t\t\t\t\t\t\t\t<a href=\"\" >\r\n\t\t\t\t\t\t\t\t\t\t\t<img loading=\"lazy\" decoding=\"async\" src=\"https:\/\/www.seibold-ingenieure.de\/wp-content\/uploads\/Planung_kl.jpg\" alt=\"Energieanlagen\" width=\"277\" height=\"184\" \/>\r\n\t\t\t\t\t\t\t\t\t\t\t<\/a>\r\n\t\t\t\t\t\t\t\t\t<\/figure>\r\n\t\t\t\t\t\t\t\t\t\t\t\t\t\t\t<h3 class=\"service-title-wrap\">\r\n\t\t\t\t\tEnergieanlagen\t\t\t\t\t\t\t\t\t\t<\/h3>\r\n\t\t\t\t\t\t\t\t\t\t<div class=\"service-content-wrap\">Egal ob Machbarkeitsstudie oder auch um eine komplette technische Detailplanung. Beschreibenstext zum Thema Engineering.<\/div>\r\n\t\t\t\t\t\t\t\t\t\t<\/div>\r\n<\/div>\r\n<\/div><\/div><div id=\"pgc-543-3-1\"  class=\"panel-grid-cell\" ><div id=\"panel-543-3-1-0\" class=\"so-panel widget widget_themegrill_flash_service tg-widget tg-single-service panel-first-child panel-last-child\" data-index=\"6\" ><div class=\"tg-service-widget tg-service-layout-1\">\r\n\t<div class=\"service-wrapper\">\r\n\t\t\t\t\t\t\t\t\t\t\t\t<figure class=\"service-image-wrap\">\r\n\t\t\t\t\t\t\t\t\t\t\t<a href=\"\" >\r\n\t\t\t\t\t\t\t\t\t\t\t<img decoding=\"async\" src=\"https:\/\/www.seibold-ingenieure.de\/wp-content\/uploads\/Beratung_Projektmanagement_kl.jpg\" alt=\"Schutztechnik f\u00fcr Netz- und Erzeugungsanlagen\" width=\"\" height=\"\" \/>\r\n\t\t\t\t\t\t\t\t\t\t\t<\/a>\r\n\t\t\t\t\t\t\t\t\t<\/figure>\r\n\t\t\t\t\t\t\t\t\t\t\t\t\t\t\t<h3 class=\"service-title-wrap\">\r\n\t\t\t\t\tSchutztechnik f\u00fcr Netz- und Erzeugungsanlagen\t\t\t\t\t\t\t\t\t\t<\/h3>\r\n\t\t\t\t\t\t\t\t\t\t<div class=\"service-content-wrap\">Dabei liegt der Fokus auf der \u00dcberwachung von Terminen, Kosten und Qualit\u00e4t. Beschreibenstext zum Thema Engineering. Beschreibenstext zum Thema Engineering.<\/div>\r\n\t\t\t\t\t\t\t\t\t\t<\/div>\r\n<\/div>\r\n<\/div><\/div><div id=\"pgc-543-3-2\"  class=\"panel-grid-cell panel-grid-cell-empty panel-grid-cell-mobile-last\" ><\/div><div id=\"pgc-543-3-3\"  class=\"panel-grid-cell panel-grid-cell-empty\" ><\/div><\/div><\/div><\/div>","protected":false},"excerpt":{"rendered":"<p>Deutschland hat in Europa die sicherste und zuverl\u00e4ssigste Stromversorgung. Mit durchschnittlich 16 Min. Ausfall im Jahr m\u00fcssen die deutschen Stromkunden [&hellip;]<\/p>\n","protected":false},"author":1,"featured_media":0,"parent":573,"menu_order":0,"comment_status":"closed","ping_status":"closed","template":"page-templates\/pagebuilder.php","meta":{"footnotes":""},"class_list":["post-543","page","type-page","status-publish","hentry"],"_links":{"self":[{"href":"https:\/\/www.seibold-ingenieure.de\/index.php\/wp-json\/wp\/v2\/pages\/543","targetHints":{"allow":["GET"]}}],"collection":[{"href":"https:\/\/www.seibold-ingenieure.de\/index.php\/wp-json\/wp\/v2\/pages"}],"about":[{"href":"https:\/\/www.seibold-ingenieure.de\/index.php\/wp-json\/wp\/v2\/types\/page"}],"author":[{"embeddable":true,"href":"https:\/\/www.seibold-ingenieure.de\/index.php\/wp-json\/wp\/v2\/users\/1"}],"replies":[{"embeddable":true,"href":"https:\/\/www.seibold-ingenieure.de\/index.php\/wp-json\/wp\/v2\/comments?post=543"}],"version-history":[{"count":17,"href":"https:\/\/www.seibold-ingenieure.de\/index.php\/wp-json\/wp\/v2\/pages\/543\/revisions"}],"predecessor-version":[{"id":777,"href":"https:\/\/www.seibold-ingenieure.de\/index.php\/wp-json\/wp\/v2\/pages\/543\/revisions\/777"}],"up":[{"embeddable":true,"href":"https:\/\/www.seibold-ingenieure.de\/index.php\/wp-json\/wp\/v2\/pages\/573"}],"wp:attachment":[{"href":"https:\/\/www.seibold-ingenieure.de\/index.php\/wp-json\/wp\/v2\/media?parent=543"}],"curies":[{"name":"wp","href":"https:\/\/api.w.org\/{rel}","templated":true}]}}