{"id":549,"date":"2019-11-15T15:23:14","date_gmt":"2019-11-15T14:23:14","guid":{"rendered":"https:\/\/www.seibold-ingenieure.de\/?page_id=549"},"modified":"2020-10-13T12:32:52","modified_gmt":"2020-10-13T10:32:52","slug":"beratung","status":"publish","type":"page","link":"https:\/\/www.seibold-ingenieure.de\/index.php\/leistungen\/beratung\/","title":{"rendered":"Beratung"},"content":{"rendered":"<div id=\"pl-549\"  class=\"panel-layout\" ><div id=\"pg-549-0\"  class=\"panel-grid panel-has-style\" ><div data-overlay-opactity=\"1\" class=\"panel-row-style panel-row-style-for-549-0\" ><div id=\"pgc-549-0-0\"  class=\"panel-grid-cell\" ><div id=\"panel-549-0-0-0\" class=\"so-panel widget widget_themegrill_flash_image tg-widget tg-image-widget panel-first-child panel-last-child\" data-index=\"0\" ><div class=\"panel-widget-style panel-widget-style-for-549-0-0-0\" ><div class=\"tg-image-block\">\r\n\t\t\t<img decoding=\"async\" src=\"https:\/\/www.seibold-ingenieure.de\/wp-content\/uploads\/beratung.jpg\" alt=\"\" \/>\r\n\t\t<\/div>\r\n<\/div><\/div><\/div><div id=\"pgc-549-0-1\"  class=\"panel-grid-cell\" ><div id=\"panel-549-0-1-0\" class=\"so-panel widget widget_themegrill_flash_heading tg-widget section-title-wrapper panel-first-child\" data-index=\"1\" >\t<div class=\"heading heading-left divider-without-icon heading-divider\">\r\n\t<h3 class=\"section-title\">Erfahren - Kompetent - Innovativ<\/h3>\r\n<\/div>\r\n<\/div><div id=\"panel-549-0-1-1\" class=\"so-panel widget widget_text panel-last-child\" data-index=\"2\" >\t\t\t<div class=\"textwidget\"><p>Beratung ist f\u00fcr uns ein Mix aus Informationen sammeln, Zahlen und Fakten analysieren, methodisch ausrichten und zusammenfassen und daraus ein themenbasiertes Ma\u00dfnahmenb\u00fcndel abzuleiten. Dazu wollen wir gerne die in Ihrem Unternehmen vorhandenen Ideen freisetzen, kanalisieren und pr\u00e4zisieren.<\/p>\n<p>Wir m\u00f6chten ihr Unternehmen auf die Ver\u00e4nderungen in der Energiewirtschaft vorbereiten und die Chancen, die die Energiewende mit sich bringt, gemeinsam mit Ihnen nutzen.<\/p>\n<p>Beispiele unserer Beratungskompetenz:<\/p>\n<ul>\n<li>Einsatz erneuerbarer Energien<\/li>\n<li>Smart Grid<\/li>\n<li>Ladeinfrastruktur f\u00fcr E-Moblit\u00e4t<\/li>\n<li>Smart Home<\/li>\n<li>Energieberatung<\/li>\n<li>Vorbereitung von Energie Audits<\/li>\n<li>Einf\u00fchrung von Energiemanagementsystemen nach ISO50001<\/li>\n<\/ul>\n<\/div>\n\t\t<\/div><\/div><\/div><\/div><div id=\"pg-549-1\"  class=\"panel-grid panel-has-style\" ><div class=\"siteorigin-panels-stretch panel-row-style panel-row-style-for-549-1\" data-stretch-type=\"full\" data-overlay-opactity=\"1\" ><div id=\"pgc-549-1-0\"  class=\"panel-grid-cell\" ><div id=\"panel-549-1-0-0\" class=\"so-panel widget widget_themegrill_flash_cta tg-widget call-to-action-section panel-first-child panel-last-child\" data-index=\"3\" ><div class=\"cta-wrapper call-to-action-section-layout-1 center\">\r\n\t<div class=\"section-title-wrapper\">\r\n\t\t\t\t\t<h3 class=\"section-title\">INTERESSE GEWECKT?<\/h3>\r\n\t\t\t\t<\/div>\r\n\t\t\t<div class=\"btn-wrapper\">\r\n\t\t\t\t\t\t\t<a class=\"btn\" href=\"https:\/\/www.seibold-ingenieure.de\/index.php\/kontakt\/\" >KONTAKT AUFNEHMEN<\/a>\r\n\t\t\t\t\t\t\t\t<\/div>\r\n\t<\/div>\r\n<\/div><\/div><\/div><\/div><\/div>","protected":false},"excerpt":{"rendered":"<p>Beratung ist f\u00fcr uns ein Mix aus Informationen sammeln, Zahlen und Fakten analysieren, methodisch ausrichten und zusammenfassen und daraus ein [&hellip;]<\/p>\n","protected":false},"author":1,"featured_media":0,"parent":573,"menu_order":0,"comment_status":"closed","ping_status":"closed","template":"page-templates\/pagebuilder.php","meta":{"footnotes":""},"class_list":["post-549","page","type-page","status-publish","hentry"],"_links":{"self":[{"href":"https:\/\/www.seibold-ingenieure.de\/index.php\/wp-json\/wp\/v2\/pages\/549","targetHints":{"allow":["GET"]}}],"collection":[{"href":"https:\/\/www.seibold-ingenieure.de\/index.php\/wp-json\/wp\/v2\/pages"}],"about":[{"href":"https:\/\/www.seibold-ingenieure.de\/index.php\/wp-json\/wp\/v2\/types\/page"}],"author":[{"embeddable":true,"href":"https:\/\/www.seibold-ingenieure.de\/index.php\/wp-json\/wp\/v2\/users\/1"}],"replies":[{"embeddable":true,"href":"https:\/\/www.seibold-ingenieure.de\/index.php\/wp-json\/wp\/v2\/comments?post=549"}],"version-history":[{"count":38,"href":"https:\/\/www.seibold-ingenieure.de\/index.php\/wp-json\/wp\/v2\/pages\/549\/revisions"}],"predecessor-version":[{"id":1257,"href":"https:\/\/www.seibold-ingenieure.de\/index.php\/wp-json\/wp\/v2\/pages\/549\/revisions\/1257"}],"up":[{"embeddable":true,"href":"https:\/\/www.seibold-ingenieure.de\/index.php\/wp-json\/wp\/v2\/pages\/573"}],"wp:attachment":[{"href":"https:\/\/www.seibold-ingenieure.de\/index.php\/wp-json\/wp\/v2\/media?parent=549"}],"curies":[{"name":"wp","href":"https:\/\/api.w.org\/{rel}","templated":true}]}}