{"id":573,"date":"2019-11-15T15:39:08","date_gmt":"2019-11-15T14:39:08","guid":{"rendered":"https:\/\/www.seibold-ingenieure.de\/?page_id=573"},"modified":"2020-10-13T12:58:00","modified_gmt":"2020-10-13T10:58:00","slug":"leistungen","status":"publish","type":"page","link":"https:\/\/www.seibold-ingenieure.de\/index.php\/leistungen\/","title":{"rendered":"Leistungen"},"content":{"rendered":"<div id=\"pl-573\"  class=\"panel-layout\" ><div id=\"pg-573-0\"  class=\"panel-grid panel-has-style\" ><div data-overlay-opactity=\"1\" class=\"panel-row-style panel-row-style-for-573-0\" ><div id=\"pgc-573-0-0\"  class=\"panel-grid-cell\" ><div id=\"panel-573-0-0-0\" class=\"so-panel widget widget_themegrill_flash_image tg-widget tg-image-widget panel-first-child panel-last-child\" data-index=\"0\" ><div class=\"panel-widget-style panel-widget-style-for-573-0-0-0\" ><div class=\"tg-image-block\">\r\n\t\t\t<img decoding=\"async\" src=\"https:\/\/www.seibold-ingenieure.de\/wp-content\/uploads\/Leistungen.jpg\" alt=\"\" \/>\r\n\t\t<\/div>\r\n<\/div><\/div><\/div><div id=\"pgc-573-0-1\"  class=\"panel-grid-cell\" ><div id=\"panel-573-0-1-0\" class=\"so-panel widget widget_themegrill_flash_heading tg-widget section-title-wrapper panel-first-child\" data-index=\"1\" >\t<div class=\"heading heading-left divider-without-icon heading-divider\">\r\n\t<h3 class=\"section-title\">Leistungen<\/h3>\r\n<\/div>\r\n<\/div><div id=\"panel-573-0-1-1\" class=\"so-panel widget widget_text panel-last-child\" data-index=\"2\" >\t\t\t<div class=\"textwidget\"><p>Wir sehen uns als Ihr Partner in allen technischen und strategischen Fragen rund um die Themen technische Geb\u00e4udeausr\u00fcstung und Energiewirtschaft.<\/p>\n<p>Wir bieten Ihnen innovative, effiziente und nachhaltige Gesamtl\u00f6sungen an. Unsere \u00dcberlegungen und Arbeiten sind immer auf dem neuesten Stand der Technik, langfristig gedacht, mit Hinblick auf niedrige Betriebskosten und effizientem Energieeinsatz ,aber immer unter wirtschaftlichen Gesichtspunkten betrachtet.<\/p>\n<p>Wir unterst\u00fctzen Sie mit unserer Erfahrung und unserem Know-how in allen Belangen der technischen Geb\u00e4udeausr\u00fcstung und der Energiewirtschaft.<\/p>\n<p>Dabei ist uns wichtig, Sie als Partner w\u00e4hrend der kompletten Projektdauer zu unterst\u00fctzen und Ihre Ziele konsequent umzusetzen.<\/p>\n<\/div>\n\t\t<\/div><\/div><\/div><\/div><div id=\"pg-573-1\"  class=\"panel-grid panel-no-style\" ><div id=\"pgc-573-1-0\"  class=\"panel-grid-cell\" ><div id=\"panel-573-1-0-0\" class=\"so-panel widget widget_themegrill_flash_heading tg-widget section-title-wrapper panel-first-child panel-last-child\" data-index=\"3\" >\t<div class=\"heading heading-center divider-without-icon heading-divider\">\r\n\t<h3 class=\"section-title\">Unsere Leistungen<\/h3>\r\n<\/div>\r\n<\/div><\/div><\/div><div id=\"pg-573-2\"  class=\"panel-grid panel-no-style\" ><div id=\"pgc-573-2-0\"  class=\"panel-grid-cell\" ><div id=\"panel-573-2-0-0\" class=\"so-panel widget widget_themegrill_flash_service tg-widget tg-single-service panel-first-child panel-last-child\" data-index=\"4\" ><div class=\"tg-service-widget tg-service-layout-1\">\r\n\t<div class=\"service-wrapper\">\r\n\t\t\t\t\t\t\t\t\t\t\t\t<figure class=\"service-image-wrap\">\r\n\t\t\t\t\t\t\t\t\t\t\t<a href=\"https:\/\/www.seibold-ingenieure.de\/index.php\/leistungen\/beratung\/\" >\r\n\t\t\t\t\t\t\t\t\t\t\t<img loading=\"lazy\" decoding=\"async\" src=\"https:\/\/www.seibold-ingenieure.de\/wp-content\/uploads\/beratung.jpg\" alt=\"Beratung\" width=\"500\" height=\"300\" \/>\r\n\t\t\t\t\t\t\t\t\t\t\t<\/a>\r\n\t\t\t\t\t\t\t\t\t<\/figure>\r\n\t\t\t\t\t\t\t\t\t\t\t\t\t\t\t<h3 class=\"service-title-wrap\">\r\n\t\t\t\t\t\t\t\t\t\t<a href=\"https:\/\/www.seibold-ingenieure.de\/index.php\/leistungen\/beratung\/\">\r\n\t\t\t\t\t\tBeratung\t\t\t\t\t\t\t\t\t\t\t<\/a>\r\n\t\t\t\t\t\t\t\t<\/h3>\r\n\t\t\t\t\t\t\t\t\t\t<div class=\"service-content-wrap\">Bei Fragen zum Thema Energie und intelligente Nutzung sind wir Ihr Ansprechpartner.<\/div>\r\n\t\t\t\t\t\t\t\t\t\t<a class=\"service-more\" href=\"https:\/\/www.seibold-ingenieure.de\/index.php\/leistungen\/beratung\/\">Sprechen Sie uns an<\/a>\r\n\t\t\t\t\t\t\t<\/div>\r\n<\/div>\r\n<\/div><\/div><div id=\"pgc-573-2-1\"  class=\"panel-grid-cell\" ><div id=\"panel-573-2-1-0\" class=\"so-panel widget widget_themegrill_flash_service tg-widget tg-single-service panel-first-child panel-last-child\" data-index=\"5\" ><div class=\"tg-service-widget tg-service-layout-1\">\r\n\t<div class=\"service-wrapper\">\r\n\t\t\t\t\t\t\t\t\t\t\t\t<figure class=\"service-image-wrap\">\r\n\t\t\t\t\t\t\t\t\t\t\t<a href=\"https:\/\/www.seibold-ingenieure.de\/index.php\/leistungen\/energiekonzepte\/\" >\r\n\t\t\t\t\t\t\t\t\t\t\t<img loading=\"lazy\" decoding=\"async\" src=\"https:\/\/www.seibold-ingenieure.de\/wp-content\/uploads\/energiekonzepte.jpg\" alt=\"energiekonzepte\" width=\"500\" height=\"300\" \/>\r\n\t\t\t\t\t\t\t\t\t\t\t<\/a>\r\n\t\t\t\t\t\t\t\t\t<\/figure>\r\n\t\t\t\t\t\t\t\t\t\t\t\t\t\t\t<h3 class=\"service-title-wrap\">\r\n\t\t\t\t\t\t\t\t\t\t<a href=\"https:\/\/www.seibold-ingenieure.de\/index.php\/leistungen\/energiekonzepte\/\">\r\n\t\t\t\t\t\tEnergiekonzepte\t\t\t\t\t\t\t\t\t\t\t<\/a>\r\n\t\t\t\t\t\t\t\t<\/h3>\r\n\t\t\t\t\t\t\t\t\t\t<div class=\"service-content-wrap\">Ein Teil der unserm Planeten zur Verf\u00fcgung stehenden Ressourcen sind endlich, daher kommt es auf den richtigen Mix an.<\/div>\r\n\t\t\t\t\t\t\t\t\t\t<a class=\"service-more\" href=\"https:\/\/www.seibold-ingenieure.de\/index.php\/leistungen\/energiekonzepte\/\">Weiterlesen<\/a>\r\n\t\t\t\t\t\t\t<\/div>\r\n<\/div>\r\n<\/div><\/div><div id=\"pgc-573-2-2\"  class=\"panel-grid-cell\" ><div id=\"panel-573-2-2-0\" class=\"so-panel widget widget_themegrill_flash_service tg-widget tg-single-service panel-first-child panel-last-child\" data-index=\"6\" ><div class=\"tg-service-widget tg-service-layout-1\">\r\n\t<div class=\"service-wrapper\">\r\n\t\t\t\t\t\t\t\t\t\t\t\t<figure class=\"service-image-wrap\">\r\n\t\t\t\t\t\t\t\t\t\t\t<a href=\"https:\/\/www.seibold-ingenieure.de\/index.php\/leistungen\/planung\/\" >\r\n\t\t\t\t\t\t\t\t\t\t\t<img loading=\"lazy\" decoding=\"async\" src=\"https:\/\/www.seibold-ingenieure.de\/wp-content\/uploads\/planung.jpg\" alt=\"Planung\" width=\"500\" height=\"300\" \/>\r\n\t\t\t\t\t\t\t\t\t\t\t<\/a>\r\n\t\t\t\t\t\t\t\t\t<\/figure>\r\n\t\t\t\t\t\t\t\t\t\t\t\t\t\t\t<h3 class=\"service-title-wrap\">\r\n\t\t\t\t\t\t\t\t\t\t<a href=\"https:\/\/www.seibold-ingenieure.de\/index.php\/leistungen\/planung\/\">\r\n\t\t\t\t\t\tPlanung\t\t\t\t\t\t\t\t\t\t\t<\/a>\r\n\t\t\t\t\t\t\t\t<\/h3>\r\n\t\t\t\t\t\t\t\t\t\t<div class=\"service-content-wrap\">Egal ob Energieversorgung oder Haustechnik wir planen Ihre Technischen Anlagen Ressourcen schonen<\/div>\r\n\t\t\t\t\t\t\t\t\t\t<a class=\"service-more\" href=\"https:\/\/www.seibold-ingenieure.de\/index.php\/leistungen\/planung\/\">Ihre Anlagenplanung<\/a>\r\n\t\t\t\t\t\t\t<\/div>\r\n<\/div>\r\n<\/div><\/div><div id=\"pgc-573-2-3\"  class=\"panel-grid-cell\" ><div id=\"panel-573-2-3-0\" class=\"so-panel widget widget_themegrill_flash_service tg-widget tg-single-service panel-first-child panel-last-child\" data-index=\"7\" ><div class=\"tg-service-widget tg-service-layout-1\">\r\n\t<div class=\"service-wrapper\">\r\n\t\t\t\t\t\t\t\t\t\t\t\t<figure class=\"service-image-wrap\">\r\n\t\t\t\t\t\t\t\t\t\t\t<a href=\"https:\/\/www.seibold-ingenieure.de\/index.php\/leistungen\/projektmanagement\/\" >\r\n\t\t\t\t\t\t\t\t\t\t\t<img loading=\"lazy\" decoding=\"async\" src=\"https:\/\/www.seibold-ingenieure.de\/wp-content\/uploads\/projektmanagment.jpg\" alt=\"projektmanagment\" width=\"500\" height=\"300\" \/>\r\n\t\t\t\t\t\t\t\t\t\t\t<\/a>\r\n\t\t\t\t\t\t\t\t\t<\/figure>\r\n\t\t\t\t\t\t\t\t\t\t\t\t\t\t\t<h3 class=\"service-title-wrap\">\r\n\t\t\t\t\t\t\t\t\t\t<a href=\"https:\/\/www.seibold-ingenieure.de\/index.php\/leistungen\/projektmanagement\/\">\r\n\t\t\t\t\t\tProjektmanagement\t\t\t\t\t\t\t\t\t\t\t<\/a>\r\n\t\t\t\t\t\t\t\t<\/h3>\r\n\t\t\t\t\t\t\t\t\t\t<div class=\"service-content-wrap\">Das Projektmanagement bestimmt den Projekterfolg.<\/div>\r\n\t\t\t\t\t\t\t\t\t\t<a class=\"service-more\" href=\"https:\/\/www.seibold-ingenieure.de\/index.php\/leistungen\/projektmanagement\/\">Der Schl\u00fcssel zum Erfolg.<\/a>\r\n\t\t\t\t\t\t\t<\/div>\r\n<\/div>\r\n<\/div><\/div><\/div><div id=\"pg-573-3\"  class=\"panel-grid panel-has-style\" ><div class=\"siteorigin-panels-stretch panel-row-style panel-row-style-for-573-3\" data-stretch-type=\"full\" data-overlay-opactity=\"1\" ><div id=\"pgc-573-3-0\"  class=\"panel-grid-cell\" ><div id=\"panel-573-3-0-0\" class=\"so-panel widget widget_themegrill_flash_cta tg-widget call-to-action-section panel-first-child panel-last-child\" data-index=\"8\" ><div class=\"cta-wrapper call-to-action-section-layout-1 center\">\r\n\t<div class=\"section-title-wrapper\">\r\n\t\t\t\t\t<h3 class=\"section-title\">INTERESSE GEWECKT?<\/h3>\r\n\t\t\t\t<\/div>\r\n\t\t\t<div class=\"btn-wrapper\">\r\n\t\t\t\t\t\t\t<a class=\"btn\" href=\"https:\/\/www.seibold-ingenieure.de\/index.php\/contact\/\" >KONTAKT AUFNEHMEN<\/a>\r\n\t\t\t\t\t\t\t\t<\/div>\r\n\t<\/div>\r\n<\/div><\/div><\/div><\/div><\/div>","protected":false},"excerpt":{"rendered":"<p>Wir sehen uns als Ihr Partner in allen technischen und strategischen Fragen rund um die Themen technische Geb\u00e4udeausr\u00fcstung und Energiewirtschaft. [&hellip;]<\/p>\n","protected":false},"author":1,"featured_media":0,"parent":0,"menu_order":0,"comment_status":"closed","ping_status":"closed","template":"page-templates\/pagebuilder.php","meta":{"footnotes":""},"class_list":["post-573","page","type-page","status-publish","hentry"],"_links":{"self":[{"href":"https:\/\/www.seibold-ingenieure.de\/index.php\/wp-json\/wp\/v2\/pages\/573","targetHints":{"allow":["GET"]}}],"collection":[{"href":"https:\/\/www.seibold-ingenieure.de\/index.php\/wp-json\/wp\/v2\/pages"}],"about":[{"href":"https:\/\/www.seibold-ingenieure.de\/index.php\/wp-json\/wp\/v2\/types\/page"}],"author":[{"embeddable":true,"href":"https:\/\/www.seibold-ingenieure.de\/index.php\/wp-json\/wp\/v2\/users\/1"}],"replies":[{"embeddable":true,"href":"https:\/\/www.seibold-ingenieure.de\/index.php\/wp-json\/wp\/v2\/comments?post=573"}],"version-history":[{"count":19,"href":"https:\/\/www.seibold-ingenieure.de\/index.php\/wp-json\/wp\/v2\/pages\/573\/revisions"}],"predecessor-version":[{"id":1190,"href":"https:\/\/www.seibold-ingenieure.de\/index.php\/wp-json\/wp\/v2\/pages\/573\/revisions\/1190"}],"wp:attachment":[{"href":"https:\/\/www.seibold-ingenieure.de\/index.php\/wp-json\/wp\/v2\/media?parent=573"}],"curies":[{"name":"wp","href":"https:\/\/api.w.org\/{rel}","templated":true}]}}