{"id":602,"date":"2019-11-15T15:50:24","date_gmt":"2019-11-15T14:50:24","guid":{"rendered":"https:\/\/www.seibold-ingenieure.de\/?page_id=602"},"modified":"2020-11-03T12:57:38","modified_gmt":"2020-11-03T11:57:38","slug":"impressum","status":"publish","type":"page","link":"https:\/\/www.seibold-ingenieure.de\/index.php\/impressum\/","title":{"rendered":"Impressum"},"content":{"rendered":"<div id=\"pl-602\"  class=\"panel-layout\" ><div id=\"pg-602-0\"  class=\"panel-grid panel-has-style\" ><div data-overlay-opactity=\"1\" class=\"panel-row-style panel-row-style-for-602-0\" ><div id=\"pgc-602-0-0\"  class=\"panel-grid-cell\" ><div id=\"panel-602-0-0-0\" class=\"so-panel widget widget_themegrill_flash_heading tg-widget section-title-wrapper panel-first-child\" data-index=\"0\" >\t<div class=\"heading heading-left divider-without-icon no-divider\">\r\n\t<h3 class=\"section-title\">Impressum<\/h3>\r\n<\/div>\r\n<\/div><div id=\"panel-602-0-0-1\" class=\"widget_text so-panel widget widget_custom_html panel-last-child\" data-index=\"1\" ><div class=\"textwidget custom-html-widget\"><h3>Angaben gem&auml;&szlig; &sect; 5 TMG<\/h3>\n<p>Seibold Ingenieure GmbH<br \/>\nWiesenstr. 1a<br \/>\n91126 Schwabach<\/p>\n<p><br \/>\nVertretungsberechtigter Gesch\u00e4ftsf\u00fchrer: Hartmut Seibold<br \/>\nVerantwortlich f\u00fcr die redaktionellen Inhalte: Hartmut Seibold<br \/>\nRegistergericht: N\u00fcrnberg<br \/>\nRegisternummer: HRB 36274<br \/>\nUSt-ID: DE28539562<\/p>\n\n<h3>Kontakt<\/h3>\n<p>Telefon: 0 91 22 \/ 1 88 23 50<br \/>\nTelefax: 0 91 22 \/ 1 88 23 10<br \/>\nE-Mail: info@seibold-ing.de<\/p>\n\n<h3>Verbraucher&shy;streit&shy;beilegung\/Universal&shy;schlichtungs&shy;stelle<\/h3>\n<p>Wir sind nicht bereit oder verpflichtet, an Streitbeilegungsverfahren vor einer Verbraucherschlichtungsstelle teilzunehmen.<\/p>\n\n<h4>Haftung f&uuml;r Inhalte<\/h4> <p>Als Diensteanbieter sind wir gem&auml;&szlig; &sect; 7 Abs.1 TMG f&uuml;r eigene Inhalte auf diesen Seiten nach den allgemeinen Gesetzen verantwortlich. Nach &sect;&sect; 8 bis 10 TMG sind wir als Diensteanbieter jedoch nicht verpflichtet, &uuml;bermittelte oder gespeicherte fremde Informationen zu &uuml;berwachen oder nach Umst&auml;nden zu forschen, die auf eine rechtswidrige T&auml;tigkeit hinweisen.<\/p> <p>Verpflichtungen zur Entfernung oder Sperrung der Nutzung von Informationen nach den allgemeinen Gesetzen bleiben hiervon unber&uuml;hrt. Eine diesbez&uuml;gliche Haftung ist jedoch erst ab dem Zeitpunkt der Kenntnis einer konkreten Rechtsverletzung m&ouml;glich. Bei Bekanntwerden von entsprechenden Rechtsverletzungen werden wir diese Inhalte umgehend entfernen.<\/p> <h4>Haftung f&uuml;r Links<\/h4> <p>Unser Angebot enth&auml;lt Links zu externen Websites Dritter, auf deren Inhalte wir keinen Einfluss haben. Deshalb k&ouml;nnen wir f&uuml;r diese fremden Inhalte auch keine Gew&auml;hr &uuml;bernehmen. F&uuml;r die Inhalte der verlinkten Seiten ist stets der jeweilige Anbieter oder Betreiber der Seiten verantwortlich. Die verlinkten Seiten wurden zum Zeitpunkt der Verlinkung auf m&ouml;gliche Rechtsverst&ouml;&szlig;e &uuml;berpr&uuml;ft. Rechtswidrige Inhalte waren zum Zeitpunkt der Verlinkung nicht erkennbar.<\/p> <p>Eine permanente inhaltliche Kontrolle der verlinkten Seiten ist jedoch ohne konkrete Anhaltspunkte einer Rechtsverletzung nicht zumutbar. Bei Bekanntwerden von Rechtsverletzungen werden wir derartige Links umgehend entfernen.<\/p> <h4>Urheberrecht<\/h4> <p>Die durch die Seitenbetreiber erstellten Inhalte und Werke auf diesen Seiten unterliegen dem deutschen Urheberrecht. Die Vervielf&auml;ltigung, Bearbeitung, Verbreitung und jede Art der Verwertung au&szlig;erhalb der Grenzen des Urheberrechtes bed&uuml;rfen der schriftlichen Zustimmung des jeweiligen Autors bzw. Erstellers. Downloads und Kopien dieser Seite sind nur f&uuml;r den privaten, nicht kommerziellen Gebrauch gestattet.<\/p> <p>Soweit die Inhalte auf dieser Seite nicht vom Betreiber erstellt wurden, werden die Urheberrechte Dritter beachtet. Insbesondere werden Inhalte Dritter als solche gekennzeichnet. Sollten Sie trotzdem auf eine Urheberrechtsverletzung aufmerksam werden, bitten wir um einen entsprechenden Hinweis. Bei Bekanntwerden von Rechtsverletzungen werden wir derartige Inhalte umgehend entfernen.<\/p>\n\n<p>Quelle: <a href=\"https:\/\/www.e-recht24.de\">e-recht24.de<\/a><\/p><\/div><\/div><\/div><\/div><\/div><\/div>","protected":false},"excerpt":{"rendered":"<p>Impressum Angaben gem&auml;&szlig; &sect; 5 TMG Seibold Ingenieure GmbH Wiesenstr. 1a 91126 Schwabach Vertretungsberechtigter Gesch\u00e4ftsf\u00fchrer: Hartmut Seibold Verantwortlich f\u00fcr die [&hellip;]<\/p>\n","protected":false},"author":1,"featured_media":0,"parent":0,"menu_order":0,"comment_status":"closed","ping_status":"closed","template":"page-templates\/pagebuilder.php","meta":{"footnotes":""},"class_list":["post-602","page","type-page","status-publish","hentry"],"_links":{"self":[{"href":"https:\/\/www.seibold-ingenieure.de\/index.php\/wp-json\/wp\/v2\/pages\/602","targetHints":{"allow":["GET"]}}],"collection":[{"href":"https:\/\/www.seibold-ingenieure.de\/index.php\/wp-json\/wp\/v2\/pages"}],"about":[{"href":"https:\/\/www.seibold-ingenieure.de\/index.php\/wp-json\/wp\/v2\/types\/page"}],"author":[{"embeddable":true,"href":"https:\/\/www.seibold-ingenieure.de\/index.php\/wp-json\/wp\/v2\/users\/1"}],"replies":[{"embeddable":true,"href":"https:\/\/www.seibold-ingenieure.de\/index.php\/wp-json\/wp\/v2\/comments?post=602"}],"version-history":[{"count":13,"href":"https:\/\/www.seibold-ingenieure.de\/index.php\/wp-json\/wp\/v2\/pages\/602\/revisions"}],"predecessor-version":[{"id":1226,"href":"https:\/\/www.seibold-ingenieure.de\/index.php\/wp-json\/wp\/v2\/pages\/602\/revisions\/1226"}],"wp:attachment":[{"href":"https:\/\/www.seibold-ingenieure.de\/index.php\/wp-json\/wp\/v2\/media?parent=602"}],"curies":[{"name":"wp","href":"https:\/\/api.w.org\/{rel}","templated":true}]}}